{"id":1539,"date":"2025-06-11T08:51:46","date_gmt":"2025-06-11T08:51:46","guid":{"rendered":"https:\/\/tohellenikon.com\/?page_id=1539"},"modified":"2025-06-11T08:55:48","modified_gmt":"2025-06-11T08:55:48","slug":"regolamento","status":"publish","type":"page","link":"https:\/\/tohellenikon.com\/en\/regolamento\/","title":{"rendered":"Guidelines"},"content":{"rendered":"<div class=\"wp-block-image\">\n<figure class=\"aligncenter size-full is-resized\"><img loading=\"lazy\" decoding=\"async\" width=\"402\" height=\"358\" src=\"https:\/\/tohellenikon.com\/wp-content\/uploads\/2025\/06\/Screenshot-2025-06-11-alle-09.48.42.png\" alt=\"\" class=\"wp-image-1517\" style=\"width:128px;height:auto\" srcset=\"https:\/\/tohellenikon.com\/wp-content\/uploads\/2025\/06\/Screenshot-2025-06-11-alle-09.48.42.png 402w, https:\/\/tohellenikon.com\/wp-content\/uploads\/2025\/06\/Screenshot-2025-06-11-alle-09.48.42-300x267.png 300w, https:\/\/tohellenikon.com\/wp-content\/uploads\/2025\/06\/Screenshot-2025-06-11-alle-09.48.42-13x12.png 13w\" sizes=\"auto, (max-width: 402px) 100vw, 402px\" \/><\/figure><\/div>\n\n\n<h3 class=\"wp-block-heading has-text-align-center\"><em>To Hellenikon<\/em><\/h3>\n\n\n\n<h3 class=\"wp-block-heading has-text-align-center\">Associazione universitaria per lo studio del mondo greco<\/h3>\n\n\n\n<h3 class=\"wp-block-heading has-text-align-center\">Regolamento elettorale<\/h3>\n\n\n\n<h3 class=\"wp-block-heading has-text-align-center\">Elezione del Presidente e del Consiglio direttivo<\/h3>\n\n\n\n\n<p style=\"text-align: justify;\"><strong>1. Scadenze<\/strong><\/p>\n<p style=\"text-align: justify;\">Le votazioni per l\u2019elezione del Presidente e del Consiglio direttivo si svolgono di norma entro il termine del mandato triennale; in caso di cessazione anticipata, si svolgono entro novanta giorni dalla cessazione. Sono indette dal Presidente in carica (o, in caso di indisponibilit\u00e0 del Presidente, dal Vicepresidente); la comunicazione ai Soci ordinari dell\u2019Associazione deve essere inviata almeno sessanta giorni prima della data delle votazioni; la stessa comunicazione viene pubblicata sul sito dell\u2019Associazione.<\/p>\n<p style=\"text-align: justify;\"><strong>2. Elettorato attivo e passivo<\/strong><\/p>\n<p style=\"text-align: justify;\">L\u2019elettorato attivo \u00e8 composto da tutti i Soci ordinari dell\u2019Associazione, ossia dai membri in regola con il pagamento delle quote (per avere diritto di voto occorre aver versato la quota di adesione dell\u2019ultimo biennio, compreso l\u2019anno della votazione; il versamento deve essere completato entro il termine previsto dallo Statuto per l\u2019iscrizione annuale). I Soci esprimeranno le loro preferenze per il Presidente e per i componenti del Consiglio direttivo, scelti tra i candidati afferenti alla fascia di appartenenza (con un massimo di due preferenze per i professori ordinari e associati e di una preferenza per i ricercatori). L\u2019elenco dei candidati, redatto a cura del Segretario e del Tesoriere, \u00e8 reso pubblico sul sito dell\u2019Associazione entro il ventesimo giorno precedente quello delle votazioni.<\/p>\n<p style=\"text-align: justify;\">L\u2019elettorato passivo \u00e8 composto dai Soci ordinari dell\u2019Associazione che siano ancora in servizio: per la carica di Presidente possono candidarsi Soci che siano professori di prima fascia e che abbiano presentato la propria candidatura almeno trenta giorni prima della data delle votazioni. I requisiti per l\u2019eleggibilit\u00e0 devono essere posseduti alla data delle votazioni. Le candidature, accompagnate da un breve programma elettorale, devono essere presentate al Segretario per posta elettronica; il Segretario provvede a renderle note agli iscritti, sempre per posta elettronica, entro cinque giorni dalla data della presentazione. Le schede elettorali recano il nome dei candidati che non abbiano fatto pervenire al Segretario per iscritto un\u2019eventuale dichiarazione di rinuncia almeno quindici giorni prima delle votazioni. Il ritiro delle candidature \u00e8 reso noto agli elettori entro tre giorni dalla data del ricevimento della suddetta dichiarazione; entro lo stesso termine il modello della scheda elettorale \u00e8 caricato sul sito dell\u2019Associazione dal Segretario.<\/p>\n<p style=\"text-align: justify;\"><strong>3. Votazioni<\/strong><\/p>\n<p style=\"text-align: justify;\">Le votazioni avvengono nel contesto di un\u2019assemblea dell\u2019Associazione a questo scopo convocata; nell\u2019ordine del giorno dell\u2019assemblea possono figurare, oltre alle votazioni, anche altri punti. Ai fini dell\u2019esercizio del voto viene costituita una commissione elettorale, i cui componenti sono scelti di norma tra i membri del Consiglio direttivo e la cui presidenza \u00e8 assunta da un professore di prima fascia. Ogni elettore, rispondendo alla chiamata del presidente del seggio elettorale, appone la sua firma nel registro dei votanti, riceve le due schede (una per l\u2019elezione del presidente e una per l\u2019elezione dei componenti del Consiglio direttivo) ed esercita il suo diritto di voto dentro la cabina elettorale all\u2019uopo predisposta. Il voto va espresso barrando la casella posta a fianco del nominativo del candidato prescelto nel caso del presidente e del o dei candidati prescelto\/i nel caso del Consiglio direttivo. Sono nulle le preferenze espresse per persone non candidate. Sono nulle le schede contenenti un numero di preferenze superiore rispetto al numero previsto dall\u2019art. 2 del presente Regolamento o le schede recanti segni di riconoscimento. Le schede votate vengono deposte in un\u2019urna apposita.<\/p>\n<p style=\"text-align: justify;\">La votazione su piattaforma telematica avviene in modo autonomo rispetto alla votazione in presenza.<\/p>\n<p><strong>4<\/strong>.<strong>Scrutinio ed esito<\/strong><\/p>\n<p style=\"text-align: justify;\">Terminate le operazioni di voto, i componenti della commissione elettorale accertano che le schede contenute nell\u2019urna siano in numero pari a quello dei votanti. Eseguita questa verifica, procedono allo scrutinio, che \u00e8 pubblico. Al termine dello spoglio delle schede il presidente d\u00e0 lettura del risultato finale della votazione in presenza e, successivamente, di quello della votazione telematica. Dello spoglio e dei risultati dello spoglio viene redatto apposito verbale.<\/p>\n<p style=\"text-align: justify;\">Sar\u00e0 eletto Presidente il candidato che avr\u00e0 ottenuto la maggioranza assoluta dei voti espressi. Nel caso in cui la prima votazione non abbia esito positivo, si proceder\u00e0 a una seconda votazione, limitata ai due soli candidati che hanno ottenuto il maggior numero di consensi nella prima votazione: risulter\u00e0 vincitore il candidato che riscuoter\u00e0 il maggior numero di consensi. In caso di parit\u00e0 \u00e8 Presidente il candidato pi\u00f9 anziano nel ruolo. Questa seconda votazione sar\u00e0 indetta nei giorni seguenti dalla commissione elettorale esclusivamente in modalit\u00e0 telematica e i suoi esiti saranno resi noti dalla stessa commissione elettorale.<\/p>\n<p style=\"text-align: justify;\">Le votazioni per l\u2019elezione dei componenti del Consiglio direttivo si svolgono nelle medesime modalit\u00e0 adottate per l\u2019elezione del Presidente, nell\u2019ambito di una votazione per fascia in cui risulteranno eletti i candidati che avranno ottenuto il maggior numero di voti espressi.<\/p>\n<p>\u00a0<\/p>\n\n\n<p><\/p>","protected":false},"excerpt":{"rendered":"<p>To Hellenikon Associazione universitaria per lo studio del mondo greco Regolamento elettorale Elezione del Presidente e del Consiglio direttivo 1. Scadenze Le votazioni per l\u2019elezione del Presidente e del Consiglio direttivo si svolgono di norma entro il termine del mandato triennale; in caso di cessazione anticipata, si svolgono entro novanta giorni dalla cessazione. Sono indette [&hellip;]<\/p>","protected":false},"author":1,"featured_media":0,"parent":0,"menu_order":0,"comment_status":"closed","ping_status":"closed","template":"","meta":{"saved_in_kubio":false,"footnotes":""},"class_list":["post-1539","page","type-page","status-publish","hentry"],"kubio_ai_page_context":{"short_desc":"","purpose":"general"},"_links":{"self":[{"href":"https:\/\/tohellenikon.com\/en\/wp-json\/wp\/v2\/pages\/1539","targetHints":{"allow":["GET"]}}],"collection":[{"href":"https:\/\/tohellenikon.com\/en\/wp-json\/wp\/v2\/pages"}],"about":[{"href":"https:\/\/tohellenikon.com\/en\/wp-json\/wp\/v2\/types\/page"}],"author":[{"embeddable":true,"href":"https:\/\/tohellenikon.com\/en\/wp-json\/wp\/v2\/users\/1"}],"replies":[{"embeddable":true,"href":"https:\/\/tohellenikon.com\/en\/wp-json\/wp\/v2\/comments?post=1539"}],"version-history":[{"count":3,"href":"https:\/\/tohellenikon.com\/en\/wp-json\/wp\/v2\/pages\/1539\/revisions"}],"predecessor-version":[{"id":1543,"href":"https:\/\/tohellenikon.com\/en\/wp-json\/wp\/v2\/pages\/1539\/revisions\/1543"}],"wp:attachment":[{"href":"https:\/\/tohellenikon.com\/en\/wp-json\/wp\/v2\/media?parent=1539"}],"curies":[{"name":"wp","href":"https:\/\/api.w.org\/{rel}","templated":true}]}}